{"id":2651,"date":"2024-08-05T17:59:49","date_gmt":"2024-08-05T15:59:49","guid":{"rendered":"https:\/\/sankofakita.de\/mentions-legales\/"},"modified":"2024-08-05T17:59:49","modified_gmt":"2024-08-05T15:59:49","slug":"mentions-legales","status":"publish","type":"page","link":"https:\/\/sankofakita.de\/fr\/mentions-legales\/","title":{"rendered":"Mentions l\u00e9gales"},"content":{"rendered":"","protected":false},"excerpt":{"rendered":"","protected":false},"author":1,"featured_media":0,"parent":0,"menu_order":0,"comment_status":"open","ping_status":"closed","template":"","meta":{"footnotes":""},"class_list":["post-2651","page","type-page","status-publish","hentry"],"yoast_head":"<!-- This site is optimized with the Yoast SEO plugin v23.1 - https:\/\/yoast.com\/wordpress\/plugins\/seo\/ -->\n<title>Mentions l\u00e9gales | Sankofa e.V.<\/title>\n<meta name=\"description\" content=\"Mentions l\u00e9gales - Sankofa e.V. N&#039;h\u00e9sitez pas \u00e0 nous contacter par mail ou par t\u00e9l\u00e9phone. Nous nous ferons un plaisir de vous aider dans votre d\u00e9marche.\" \/>\n<meta name=\"robots\" content=\"index, follow, max-snippet:-1, max-image-preview:large, max-video-preview:-1\" \/>\n<link rel=\"canonical\" href=\"https:\/\/sankofakita.de\/fr\/mentions-legales\/\" \/>\n<meta property=\"og:locale\" content=\"fr_FR\" \/>\n<meta property=\"og:type\" content=\"article\" \/>\n<meta property=\"og:title\" content=\"Mentions l\u00e9gales | Sankofa e.V.\" \/>\n<meta property=\"og:description\" content=\"Mentions l\u00e9gales - Sankofa e.V. N&#039;h\u00e9sitez pas \u00e0 nous contacter par mail ou par t\u00e9l\u00e9phone. Nous nous ferons un plaisir de vous aider dans votre d\u00e9marche.\" \/>\n<meta property=\"og:url\" content=\"https:\/\/sankofakita.de\/fr\/mentions-legales\/\" \/>\n<meta property=\"og:site_name\" content=\"Sankofa e.V.\" \/>\n<meta property=\"og:image\" content=\"https:\/\/sankofakita.de\/wp-content\/uploads\/2024\/10\/Sankofa-kita-website-bild.webp\" \/>\n\t<meta property=\"og:image:width\" content=\"1200\" \/>\n\t<meta property=\"og:image:height\" content=\"675\" \/>\n\t<meta property=\"og:image:type\" content=\"image\/webp\" \/>\n<meta name=\"twitter:card\" content=\"summary_large_image\" \/>\n<script type=\"application\/ld+json\" class=\"yoast-schema-graph\">{\"@context\":\"https:\/\/schema.org\",\"@graph\":[{\"@type\":\"WebPage\",\"@id\":\"https:\/\/sankofakita.de\/fr\/mentions-legales\/\",\"url\":\"https:\/\/sankofakita.de\/fr\/mentions-legales\/\",\"name\":\"Mentions l\u00e9gales | Sankofa e.V.\",\"isPartOf\":{\"@id\":\"https:\/\/sankofakita.de\/fr\/#website\"},\"datePublished\":\"2024-08-05T15:59:49+00:00\",\"dateModified\":\"2024-08-05T15:59:49+00:00\",\"description\":\"Mentions l\u00e9gales - Sankofa e.V. N'h\u00e9sitez pas \u00e0 nous contacter par mail ou par t\u00e9l\u00e9phone. Nous nous ferons un plaisir de vous aider dans votre d\u00e9marche.\",\"breadcrumb\":{\"@id\":\"https:\/\/sankofakita.de\/fr\/mentions-legales\/#breadcrumb\"},\"inLanguage\":\"fr-FR\",\"potentialAction\":[{\"@type\":\"ReadAction\",\"target\":[\"https:\/\/sankofakita.de\/fr\/mentions-legales\/\"]}]},{\"@type\":\"BreadcrumbList\",\"@id\":\"https:\/\/sankofakita.de\/fr\/mentions-legales\/#breadcrumb\",\"itemListElement\":[{\"@type\":\"ListItem\",\"position\":1,\"name\":\"Startseite\",\"item\":\"https:\/\/sankofakita.de\/fr\/\"},{\"@type\":\"ListItem\",\"position\":2,\"name\":\"Mentions l\u00e9gales\"}]},{\"@type\":\"WebSite\",\"@id\":\"https:\/\/sankofakita.de\/fr\/#website\",\"url\":\"https:\/\/sankofakita.de\/fr\/\",\"name\":\"Sankofa e.V.\",\"description\":\"\",\"publisher\":{\"@id\":\"https:\/\/sankofakita.de\/fr\/#organization\"},\"alternateName\":\"Sankofa Kita\",\"potentialAction\":[{\"@type\":\"SearchAction\",\"target\":{\"@type\":\"EntryPoint\",\"urlTemplate\":\"https:\/\/sankofakita.de\/fr\/?s={search_term_string}\"},\"query-input\":\"required name=search_term_string\"}],\"inLanguage\":\"fr-FR\"},{\"@type\":\"Organization\",\"@id\":\"https:\/\/sankofakita.de\/fr\/#organization\",\"name\":\"Sankofa e.V.\",\"alternateName\":\"Sankofa Kita\",\"url\":\"https:\/\/sankofakita.de\/fr\/\",\"logo\":{\"@type\":\"ImageObject\",\"inLanguage\":\"fr-FR\",\"@id\":\"https:\/\/sankofakita.de\/fr\/#\/schema\/logo\/image\/\",\"url\":\"https:\/\/sankofakita.de\/wp-content\/uploads\/2024\/10\/Sankofa-kita-website-Logo.webp\",\"contentUrl\":\"https:\/\/sankofakita.de\/wp-content\/uploads\/2024\/10\/Sankofa-kita-website-Logo.webp\",\"width\":696,\"height\":696,\"caption\":\"Sankofa e.V.\"},\"image\":{\"@id\":\"https:\/\/sankofakita.de\/fr\/#\/schema\/logo\/image\/\"}}]}<\/script>\n<!-- \/ Yoast SEO plugin. -->","yoast_head_json":{"title":"Mentions l\u00e9gales | Sankofa e.V.","description":"Mentions l\u00e9gales - Sankofa e.V. N'h\u00e9sitez pas \u00e0 nous contacter par mail ou par t\u00e9l\u00e9phone. Nous nous ferons un plaisir de vous aider dans votre d\u00e9marche.","robots":{"index":"index","follow":"follow","max-snippet":"max-snippet:-1","max-image-preview":"max-image-preview:large","max-video-preview":"max-video-preview:-1"},"canonical":"https:\/\/sankofakita.de\/fr\/mentions-legales\/","og_locale":"fr_FR","og_type":"article","og_title":"Mentions l\u00e9gales | Sankofa e.V.","og_description":"Mentions l\u00e9gales - Sankofa e.V. N'h\u00e9sitez pas \u00e0 nous contacter par mail ou par t\u00e9l\u00e9phone. Nous nous ferons un plaisir de vous aider dans votre d\u00e9marche.","og_url":"https:\/\/sankofakita.de\/fr\/mentions-legales\/","og_site_name":"Sankofa e.V.","og_image":[{"width":1200,"height":675,"url":"https:\/\/sankofakita.de\/wp-content\/uploads\/2024\/10\/Sankofa-kita-website-bild.webp","type":"image\/webp"}],"twitter_card":"summary_large_image","schema":{"@context":"https:\/\/schema.org","@graph":[{"@type":"WebPage","@id":"https:\/\/sankofakita.de\/fr\/mentions-legales\/","url":"https:\/\/sankofakita.de\/fr\/mentions-legales\/","name":"Mentions l\u00e9gales | Sankofa e.V.","isPartOf":{"@id":"https:\/\/sankofakita.de\/fr\/#website"},"datePublished":"2024-08-05T15:59:49+00:00","dateModified":"2024-08-05T15:59:49+00:00","description":"Mentions l\u00e9gales - Sankofa e.V. N'h\u00e9sitez pas \u00e0 nous contacter par mail ou par t\u00e9l\u00e9phone. Nous nous ferons un plaisir de vous aider dans votre d\u00e9marche.","breadcrumb":{"@id":"https:\/\/sankofakita.de\/fr\/mentions-legales\/#breadcrumb"},"inLanguage":"fr-FR","potentialAction":[{"@type":"ReadAction","target":["https:\/\/sankofakita.de\/fr\/mentions-legales\/"]}]},{"@type":"BreadcrumbList","@id":"https:\/\/sankofakita.de\/fr\/mentions-legales\/#breadcrumb","itemListElement":[{"@type":"ListItem","position":1,"name":"Startseite","item":"https:\/\/sankofakita.de\/fr\/"},{"@type":"ListItem","position":2,"name":"Mentions l\u00e9gales"}]},{"@type":"WebSite","@id":"https:\/\/sankofakita.de\/fr\/#website","url":"https:\/\/sankofakita.de\/fr\/","name":"Sankofa e.V.","description":"","publisher":{"@id":"https:\/\/sankofakita.de\/fr\/#organization"},"alternateName":"Sankofa Kita","potentialAction":[{"@type":"SearchAction","target":{"@type":"EntryPoint","urlTemplate":"https:\/\/sankofakita.de\/fr\/?s={search_term_string}"},"query-input":"required name=search_term_string"}],"inLanguage":"fr-FR"},{"@type":"Organization","@id":"https:\/\/sankofakita.de\/fr\/#organization","name":"Sankofa e.V.","alternateName":"Sankofa Kita","url":"https:\/\/sankofakita.de\/fr\/","logo":{"@type":"ImageObject","inLanguage":"fr-FR","@id":"https:\/\/sankofakita.de\/fr\/#\/schema\/logo\/image\/","url":"https:\/\/sankofakita.de\/wp-content\/uploads\/2024\/10\/Sankofa-kita-website-Logo.webp","contentUrl":"https:\/\/sankofakita.de\/wp-content\/uploads\/2024\/10\/Sankofa-kita-website-Logo.webp","width":696,"height":696,"caption":"Sankofa e.V."},"image":{"@id":"https:\/\/sankofakita.de\/fr\/#\/schema\/logo\/image\/"}}]}},"_links":{"self":[{"href":"https:\/\/sankofakita.de\/fr\/wp-json\/wp\/v2\/pages\/2651","targetHints":{"allow":["GET"]}}],"collection":[{"href":"https:\/\/sankofakita.de\/fr\/wp-json\/wp\/v2\/pages"}],"about":[{"href":"https:\/\/sankofakita.de\/fr\/wp-json\/wp\/v2\/types\/page"}],"author":[{"embeddable":true,"href":"https:\/\/sankofakita.de\/fr\/wp-json\/wp\/v2\/users\/1"}],"replies":[{"embeddable":true,"href":"https:\/\/sankofakita.de\/fr\/wp-json\/wp\/v2\/comments?post=2651"}],"version-history":[{"count":0,"href":"https:\/\/sankofakita.de\/fr\/wp-json\/wp\/v2\/pages\/2651\/revisions"}],"wp:attachment":[{"href":"https:\/\/sankofakita.de\/fr\/wp-json\/wp\/v2\/media?parent=2651"}],"curies":[{"name":"wp","href":"https:\/\/api.w.org\/{rel}","templated":true}]}}